{"id":472,"date":"2019-03-25T15:29:37","date_gmt":"2019-03-25T15:29:37","guid":{"rendered":"http:\/\/staging.bluedragon-sc.nl\/go-cargo\/disclaimer\/"},"modified":"2025-02-14T15:18:36","modified_gmt":"2025-02-14T14:18:36","slug":"disclaimer","status":"publish","type":"page","link":"https:\/\/www.go-cargo.nl\/de\/disclaimer\/","title":{"rendered":"Speditionsbedingungen Go\u2011Cargo"},"content":{"rendered":"\n<p>Alle T\u00e4tigkeiten werden von der Go-Cargo B.V. in ihrer Eigenschaft als Spediteurin (<em>expediteur)<\/em> ausgef\u00fchrt. Die Go-Cargo B.V. verrichtet keine T\u00e4tigkeiten in der Eigenschaft als Frachtf\u00fchrerin <em>(vervoerder)<\/em>. Auf alle T\u00e4tigkeiten und Rechtsverh\u00e4ltnisse der Go-Cargo B.V. finden die j\u00fcngsten niederl\u00e4ndischen Speditionsbedingungen der FENEX <em>(Nederlandse Expeditievoorwaarden van de Fenex)<\/em> Anwendung, einschlie\u00dflich der darin aufgenommenen Schiedsgerichtsklausel und der Rechtswahl f\u00fcr Niederl\u00e4ndisches Recht.<\/p>\n\n\n\n<ul class=\"wp-block-list\">\n<li><a href=\"https:\/\/www.go-cargo.nl\/wp-content\/uploads\/2021\/07\/NEDERLANDSE-EXPEDITIEVOORWAARDEN-DUITS-logo.pdf\" target=\"_blank\" rel=\"noreferrer noopener\">Niederl\u00e4ndische Speditionsbedingungen &#8211; FENEX (2018)<\/a><\/li>\n<\/ul>\n\n\n<p>ISO 22000 Zertifizierung bezieht sich auf Lebensmittel.<\/p>","protected":false},"excerpt":{"rendered":"<p>Alle T\u00e4tigkeiten werden von der Go-Cargo B.V. in ihrer Eigenschaft als Spediteurin (expediteur) ausgef\u00fchrt. Die Go-Cargo B.V. verrichtet keine T\u00e4tigkeiten in der Eigenschaft als Frachtf\u00fchrerin (vervoerder). Auf alle T\u00e4tigkeiten und Rechtsverh\u00e4ltnisse der Go-Cargo B.V. finden die j\u00fcngsten niederl\u00e4ndischen Speditionsbedingungen der FENEX (Nederlandse Expeditievoorwaarden van de Fenex) Anwendung, einschlie\u00dflich der darin aufgenommenen Schiedsgerichtsklausel und der Rechtswahl f\u00fcr Niederl\u00e4ndisches Recht. ISO 22000&#8230;<\/p>\n","protected":false},"author":1,"featured_media":0,"parent":0,"menu_order":0,"comment_status":"closed","ping_status":"closed","template":"","meta":{"_acf_changed":false,"_seopress_robots_primary_cat":"","_seopress_titles_title":"","_seopress_titles_desc":"","_seopress_robots_index":"","footnotes":""},"class_list":["post-472","page","type-page","status-publish","hentry"],"acf":[],"_links":{"self":[{"href":"https:\/\/www.go-cargo.nl\/de\/wp-json\/wp\/v2\/pages\/472","targetHints":{"allow":["GET"]}}],"collection":[{"href":"https:\/\/www.go-cargo.nl\/de\/wp-json\/wp\/v2\/pages"}],"about":[{"href":"https:\/\/www.go-cargo.nl\/de\/wp-json\/wp\/v2\/types\/page"}],"author":[{"embeddable":true,"href":"https:\/\/www.go-cargo.nl\/de\/wp-json\/wp\/v2\/users\/1"}],"replies":[{"embeddable":true,"href":"https:\/\/www.go-cargo.nl\/de\/wp-json\/wp\/v2\/comments?post=472"}],"version-history":[{"count":16,"href":"https:\/\/www.go-cargo.nl\/de\/wp-json\/wp\/v2\/pages\/472\/revisions"}],"predecessor-version":[{"id":2237,"href":"https:\/\/www.go-cargo.nl\/de\/wp-json\/wp\/v2\/pages\/472\/revisions\/2237"}],"wp:attachment":[{"href":"https:\/\/www.go-cargo.nl\/de\/wp-json\/wp\/v2\/media?parent=472"}],"curies":[{"name":"wp","href":"https:\/\/api.w.org\/{rel}","templated":true}]}}